{"id":4982,"date":"2022-04-08T20:25:04","date_gmt":"2022-04-08T18:25:04","guid":{"rendered":"https:\/\/uspg.edu.gt\/usp\/?page_id=4982"},"modified":"2026-04-16T14:25:17","modified_gmt":"2026-04-16T20:25:17","slug":"universidad-san-pablo-de-guatemala","status":"publish","type":"page","link":"https:\/\/uspg.edu.gt\/usp\/universidad-san-pablo-de-guatemala\/","title":{"rendered":"Universidad San Pablo de Guatemala"},"content":{"rendered":"<style type=\"text\/css\"> \n#cmsmasters_row_69f0691ccb5354_56503536 .cmsmasters_row_outer_parent { \n\tpadding-top: 0px; \n} \n\n#cmsmasters_row_69f0691ccb5354_56503536 .cmsmasters_row_outer_parent { \n\tpadding-bottom: 50px; \n} \n\n#cmsmasters_row_69f0691ccb5354_56503536 .cmsmasters_row_inner.cmsmasters_row_fullwidth { \n\tpadding-left:0%; \n} \n#cmsmasters_row_69f0691ccb5354_56503536 .cmsmasters_row_inner.cmsmasters_row_fullwidth { \n\tpadding-right:0%; \n} \n \n#cmsmasters_row_69f0691cd2df22_56856818 .cmsmasters_row_outer_parent { \n\tpadding-top: 15px; \n} \n\n#cmsmasters_row_69f0691cd2df22_56856818 .cmsmasters_row_outer_parent { \n\tpadding-bottom: 10px; \n} \n\n \n#cmsmasters_row_69f0691cd2f887_06378254 .cmsmasters_row_outer_parent { \n\tpadding-top: 0px; \n} \n\n#cmsmasters_row_69f0691cd2f887_06378254 .cmsmasters_row_outer_parent { \n\tpadding-bottom: 50px; \n} \n\n \n#cmsmasters_tabs_list_item_69f0691cd327d5_87315032 a:hover,#cmsmasters_tabs_list_item_69f0691cd327d5_87315032 a { \n\tcolor:;\n} \n\n#cmsmasters_tabs_list_item_69f0691cd33745_62215795 a:hover,#cmsmasters_tabs_list_item_69f0691cd33745_62215795 a { \n\tcolor:;\n} \n\n#cmsmasters_tabs_list_item_69f0691cd33e31_52143477 a:hover,#cmsmasters_tabs_list_item_69f0691cd33e31_52143477 a { \n\tcolor:;\n} \n \n#cmsmasters_row_69f0691cd35c40_68863113 .cmsmasters_row_outer_parent { \n\tpadding-top: 0px; \n} \n\n#cmsmasters_row_69f0691cd35c40_68863113 .cmsmasters_row_outer_parent { \n\tpadding-bottom: 50px; \n} \n\n \n#cmsmasters_divider_69f0691cd36582_00280067 { \n\tborder-bottom-width:0px; \n\tborder-bottom-style:solid; \n\tpadding-top:10px; \n\tmargin-bottom:10px; \n} \n<\/style><div id=\"cmsmasters_row_69f0691ccb5354_56503536\" class=\"cmsmasters_row cmsmasters_color_scheme_default cmsmasters_row_top_default cmsmasters_row_bot_default cmsmasters_row_fullwidth\">\n<div class=\"cmsmasters_row_outer_parent\">\n<div class=\"cmsmasters_row_outer\">\n<div class=\"cmsmasters_row_inner cmsmasters_row_fullwidth\">\n<div class=\"cmsmasters_row_margin\">\n<div class=\"cmsmasters_column one_first\">\n<div class=\"cmsmasters_slider\">\n\t\t\t<!-- START USP REVOLUTION SLIDER 6.3.3 --><p class=\"rs-p-wp-fix\"><\/p>\n\t\t\t<rs-module-wrap id=\"rev_slider_51_1_wrapper\" data-source=\"gallery\" style=\"background:transparent;padding:0;margin:0px auto;margin-top:0;margin-bottom:0;max-width:;\">\n\t\t\t\t<rs-module id=\"rev_slider_51_1\" class=\" rs-ov-hidden\" style=\"\" data-version=\"6.3.3\">\n\t\t\t\t\t<rs-slides>\n\t\t\t\t\t\t<rs-slide data-key=\"rs-80\" data-title=\"Slide\" data-anim=\"ei:d;eo:d;s:600ms;r:default;t:fade;sl:d;\">\n\t\t\t\t\t\t\t<img src=\"\/\/uspg.edu.gt\/usp\/wp-content\/uploads\/2022\/04\/becas.jpg\" title=\"becas\" width=\"2000\" height=\"1313\" class=\"rev-slidebg\" data-no-retina>\n<!--\n\t\t\t\t\t\t\t--><rs-layer\n\t\t\t\t\t\t\t\tid=\"slider-51-slide-80-layer-1\" \n\t\t\t\t\t\t\t\tdata-type=\"text\"\n\t\t\t\t\t\t\t\tdata-color=\"#fff\"\n\t\t\t\t\t\t\t\tdata-rsp_ch=\"on\"\n\t\t\t\t\t\t\t\tdata-xy=\"x:579px;y:555px;\"\n\t\t\t\t\t\t\t\tdata-text=\"w:normal;s:56;l:50;fw:900;\"\n\t\t\t\t\t\t\t\tdata-dim=\"minh:0px;\"\n\t\t\t\t\t\t\t\tdata-frame_999=\"o:0;st:w;\"\n\t\t\t\t\t\t\t\tstyle=\"z-index:6;font-family:Arial;\"\n\t\t\t\t\t\t\t>Universidad San Pablo de Guatemala \n\t\t\t\t\t\t\t<\/rs-layer><!--\n-->\t\t\t\t\t\t<\/rs-slide>\n\t\t\t\t\t<\/rs-slides>\n\t\t\t\t<\/rs-module>\n\t\t\t\t<script type=\"text\/javascript\">\n\t\t\t\t\tsetREVStartSize({c: 'rev_slider_51_1',rl:[1240,1024,778,480],el:[700],gw:[1980],gh:[700],type:'standard',justify:'',layout:'fullwidth',mh:\"0\"});\n\t\t\t\t\tvar\trevapi51,\n\t\t\t\t\t\ttpj;\n\t\t\t\t\tfunction revinit_revslider511() {\n\t\t\t\t\tjQuery(function() {\n\t\t\t\t\t\ttpj = jQuery;\n\t\t\t\t\t\trevapi51 = tpj(\"#rev_slider_51_1\");\n\t\t\t\t\t\tif(revapi51==undefined || revapi51.revolution == undefined){\n\t\t\t\t\t\t\trevslider_showDoubleJqueryError(\"rev_slider_51_1\");\n\t\t\t\t\t\t}else{\n\t\t\t\t\t\t\trevapi51.revolution({\n\t\t\t\t\t\t\t\tvisibilityLevels:\"1240,1024,778,480\",\n\t\t\t\t\t\t\t\tgridwidth:1980,\n\t\t\t\t\t\t\t\tgridheight:700,\n\t\t\t\t\t\t\t\tspinner:\"spinner0\",\n\t\t\t\t\t\t\t\tperspective:600,\n\t\t\t\t\t\t\t\tperspectiveType:\"local\",\n\t\t\t\t\t\t\t\teditorheight:\"700,768,583.992,720\",\n\t\t\t\t\t\t\t\tresponsiveLevels:\"1240,1024,778,480\",\n\t\t\t\t\t\t\t\tprogressBar:{disableProgressBar:true},\n\t\t\t\t\t\t\t\tnavigation: {\n\t\t\t\t\t\t\t\t\tonHoverStop:false\n\t\t\t\t\t\t\t\t},\n\t\t\t\t\t\t\t\tfallbacks: {\n\t\t\t\t\t\t\t\t\tallowHTML5AutoPlayOnAndroid:true\n\t\t\t\t\t\t\t\t},\n\t\t\t\t\t\t\t});\n\t\t\t\t\t\t}\n\t\t\t\t\t\t\n\t\t\t\t\t});\n\t\t\t\t\t} \/\/ End of RevInitScript\n\t\t\t\tvar once_revslider511 = false;\n\t\t\t\tif (document.readyState === \"loading\") {document.addEventListener('readystatechange',function() { if((document.readyState === \"interactive\" || document.readyState === \"complete\") && !once_revslider511 ) { once_revslider511 = true; revinit_revslider511();}});} else {once_revslider511 = true; revinit_revslider511();}\n\t\t\t\t<\/script>\n\t\t\t<\/rs-module-wrap>\n\t\t\t<!-- END REVOLUTION SLIDER -->\n<\/div>\n<\/div>\n<\/div>\n<\/div>\n<\/div>\n<\/div>\n<\/div>\n<div id=\"cmsmasters_row_69f0691cd2df22_56856818\" class=\"cmsmasters_row cmsmasters_color_scheme_default cmsmasters_row_top_default cmsmasters_row_bot_default cmsmasters_row_boxed\">\n<div class=\"cmsmasters_row_outer_parent\">\n<div class=\"cmsmasters_row_outer\">\n<div class=\"cmsmasters_row_inner\">\n<div class=\"cmsmasters_row_margin\">\n<div class=\"cmsmasters_column one_half\">\n<div class=\"cmsmasters_text\">\n<p style=\"text-align: justify;\">La visi\u00f3n de la Universidad San Pablo de Guatemala, naci\u00f3 de la necesidad de contar con una instituci\u00f3n que pudiera contribuir a la formaci\u00f3n de la sociedad a trav\u00e9s de una educaci\u00f3n adecuada, por medio de la cual se puede impactar a los estudiantes no solo en el \u00e1mbito acad\u00e9mico, sino tambi\u00e9n en los principios, valores \u00e9ticos y morales para que, al ser profesionales, puedan ser agentes de transformaci\u00f3n en la sociedad en donde act\u00faen.<\/p>\n<p style=\"text-align: justify;\">La Universidad San Pablo de Guatemala es autorizada legalmente por el Consejo de la Ense\u00f1anza Privada Superior el 23 de marzo del 2006.<\/p>\n<\/div>\n<\/div>\n<div class=\"cmsmasters_column one_half\">\n<div class=\"cmsmasters_text\">\n<p>La Universidad San Pablo de Guatemala inici\u00f3 sus actividades acad\u00e9micas con el programa de Maestr\u00eda en Liderazgo Organizacional, enfocado en desarrollar l\u00edderes con las destrezas necesarias para dirigir organizaciones innovadoras, creativas, \u00e9ticas y estrat\u00e9gicas.<\/p>\n<p>Se busca a trav\u00e9s de una metodolog\u00eda altamente activa, participativa y aplicada al mundo real para provocar la investigaci\u00f3n, la creaci\u00f3n de propuestas, la generaci\u00f3n y gesti\u00f3n del conocimiento, la planificaci\u00f3n estrat\u00e9gica, la implementaci\u00f3n y evaluaci\u00f3n de iniciativa orientada al desarrollo de la naci\u00f3n.<\/p>\n<\/div>\n<\/div>\n<\/div>\n<\/div>\n<\/div>\n<\/div>\n<\/div>\n<div id=\"cmsmasters_row_69f0691cd2f887_06378254\" class=\"cmsmasters_row cmsmasters_color_scheme_default cmsmasters_row_top_default cmsmasters_row_bot_default cmsmasters_row_boxed\">\n<div class=\"cmsmasters_row_outer_parent\">\n<div class=\"cmsmasters_row_outer\">\n<div class=\"cmsmasters_row_inner\">\n<div class=\"cmsmasters_row_margin\">\n<div class=\"cmsmasters_column one_first\">\n \n<div class=\"cmsmasters_tabs tabs_mode_tour tabs_pos_left\" data-animation=\"fadeInDownBig\" data-delay=\"3\">\n<ul class=\"cmsmasters_tabs_list\">\n<li id=\"cmsmasters_tabs_list_item_69f0691cd327d5_87315032\" class=\"cmsmasters_tabs_list_item current_tab\">\n<a href=\"#\">\n<span>Principios<\/span>\n<\/a>\n<\/li><li id=\"cmsmasters_tabs_list_item_69f0691cd32fe8_82374566\" class=\"cmsmasters_tabs_list_item\">\n<a href=\"#\">\n<span>Misi\u00f3n<\/span>\n<\/a>\n<\/li><li id=\"cmsmasters_tabs_list_item_69f0691cd33745_62215795\" class=\"cmsmasters_tabs_list_item\">\n<a href=\"#\">\n<span>Visi\u00f3n<\/span>\n<\/a>\n<\/li><li id=\"cmsmasters_tabs_list_item_69f0691cd33e31_52143477\" class=\"cmsmasters_tabs_list_item\">\n<a href=\"#\">\n<span>Filosof\u00eda<\/span>\n<\/a>\n<\/li><li id=\"cmsmasters_tabs_list_item_69f0691cd34407_08649985\" class=\"cmsmasters_tabs_list_item\">\n<a href=\"#\">\n<span>Valores<\/span>\n<\/a>\n<\/li><\/ul>\n<div class=\"cmsmasters_tabs_wrap\">\n<div id=\"cmsmasters_tab_69f0691cd327d5_87315032\" class=\"cmsmasters_tab active_tab\">\n<div class=\"cmsmasters_tab_inner\">\n<p align=\"justify\">La Universidad San Pablo de Guatemala se basa en la realizaci\u00f3n pr\u00e1ctica de los estudios en la vida del estudiante. Las carreras de la Universidad son totalmente innovadoras, aplicativas e impulsar\u00e1n a los estudiantes a ser creativos y emprendedores. La filosof\u00eda educativa de la Universidad est\u00e1 centrada en la innovaci\u00f3n, hacia lo que se debe ser, en la invenci\u00f3n y en las nuevas ideas originales y sin l\u00edmites. Los curr\u00edculos de los cursos, el proceso de ense\u00f1anza-aprendizaje y la filosof\u00eda educativa en general se apoya en lo siguiente: Habilidades Tecnol\u00f3gicas, est\u00e1ndares avanzados del uso de las tecnolog\u00edas de informaci\u00f3n y comunicaciones como parte integral del aprendizaje, las costumbres y la vida de los profesores y los estudiantes. Esp\u00edritu de servicio a la comunidad y desarrollo de valores progresistas. Aplicaci\u00f3n human\u00edstica de la tecnolog\u00eda para contribuir al desarrollo de Guatemala. Cosmovisi\u00f3n, basada en la filosof\u00eda Protestante Calvinista, que manifiesta la igualdad de las personas y una teolog\u00eda reformada, valores progresistas, \u00e9ticos y pr\u00e1cticos que le dan lugar al desarrollo. El curr\u00edculo general de las diferentes carreras y de todos los cursos tienen como objetivo principal educar a los estudiantes en los siguientes valores, caracter\u00edsticas y habilidades: Liderazgo Investigaci\u00f3n Emprendimiento Estos valores son transversales y tienen influencia significativa en los sistemas de ense\u00f1anza \u2013 aprendizaje y en el curr\u00edculo de todos los cursos, seminarios, laboratorios y talleres.<\/p>\n<\/div>\n<\/div><div id=\"cmsmasters_tab_69f0691cd32fe8_82374566\" class=\"cmsmasters_tab\">\n<div class=\"cmsmasters_tab_inner\">\n<p align=\"justify\">Ser una instituci\u00f3n propulsora de la formaci\u00f3n de la comunidad acad\u00e9mica en los grados que otorga, con el m\u00e1s alto nivel de integridad, responsabilidad, liderazgo progresista y competitividad, transmitiendo, para ello la capacidad de comprender, interpretar, analizar y aplicar acciones en sus diferentes niveles y campos de dominio.<\/p>\n<div class=\"gdlr-core-pbf-element\">\n<div class=\"gdlr-core-divider-item gdlr-core-divider-item-normal gdlr-core-item-pdlr gdlr-core-center-align\"><\/div>\n<\/div>\n<\/div>\n<\/div><div id=\"cmsmasters_tab_69f0691cd33745_62215795\" class=\"cmsmasters_tab\">\n<div class=\"cmsmasters_tab_inner\">\n<p align=\"justify\">Contribuir, en todas las \u00e1reas de su que hacer estudiantil, docente y administrativo, al desarrollo de Guatemala, formando profesionales que unan capacidades acad\u00e9micas adquiridas a un inquebrantable esp\u00edritu de servicio; orientaci\u00f3n y el fundamento s\u00f3lido de los valores universales que proceden de nuestra herencia judeo-cristiana.<\/p>\n<div class=\"gdlr-core-pbf-element\">\n<div class=\"gdlr-core-divider-item gdlr-core-divider-item-normal gdlr-core-item-pdlr gdlr-core-center-align\"><\/div>\n<\/div>\n<\/div>\n<\/div><div id=\"cmsmasters_tab_69f0691cd33e31_52143477\" class=\"cmsmasters_tab\">\n<div class=\"cmsmasters_tab_inner\">\n<p align=\"justify\">La Universidad San Pablo de Guatemala se fundamenta en un sistema educativo a partir del cual se dise\u00f1an modelos innovadores por medio de los cuales la acci\u00f3n pedag\u00f3gica hace compromiso con el pr\u00f3jimo; para llegar a ser asumida como el medio de transformaci\u00f3n personal y social. El sistema educativo se funda en la verdad y procede por la convicci\u00f3n \u00e9tica de quienes la practican en la orientaci\u00f3n hacia la consecuci\u00f3n del progreso y el bienestar de la comunidad. Por ende, es una instituci\u00f3n comprometida con la sociedad, en la generaci\u00f3n y transmisi\u00f3n de conocimientos, educando en la excelencia, para contribuir en la construcci\u00f3n de una vida cotidiana, que se fundamenta en que el cristianismo tenga un alto impacto social bas\u00e1ndose en la \u00e9tica, judeo-cristiana, las normas morales y los valores que reconocen al pr\u00f3jimo.<\/p>\n<\/div>\n<\/div><div id=\"cmsmasters_tab_69f0691cd34407_08649985\" class=\"cmsmasters_tab\">\n<div class=\"cmsmasters_tab_inner\">\n<p align=\"justify\"><strong>Libertad:\u00a0<\/strong>es el derecho por naturaleza de libre albedr\u00edo con responsabilidad, en b\u00fasqueda de la propia realizaci\u00f3n personal y social. El resultado ser\u00e1n estudiantes y profesionales responsables y respetuosos de toda expresi\u00f3n de libertad.<\/p>\n<p align=\"justify\"><strong>Prosperidad:<\/strong>\u00a0es un estado de bienestar integral en el ser humano. Por ende, los estudiantes y profesionales generar\u00e1n desarrollo y bienestar a su sociedad.<\/p>\n<p align=\"justify\"><strong>Justicia:<\/strong>\u00a0es la virtud que regula la igualdad y da a cada uno lo que le pertenece. La comunidad universitaria cohabitar\u00e1 en un sistema justo y equitativo.<\/p>\n<p align=\"justify\"><strong>Liderazgo progresista:<\/strong>\u00a0se establece como una influencia innovadora, positiva y comprometida con la excelencia. Cada miembro de la comunidad universitaria ser\u00e1 un reflejo de este liderazgo.<\/p>\n<p align=\"justify\"><strong>Responsabilidad:<\/strong>\u00a0es reconocer y aceptar las consecuencias de un hecho realizado libremente. Asumida por toda la comunidad universitaria, al constituirse en dos aspectos esenciales: equidad y desarrollo de la sociedad. Integridad: es la pr\u00e1ctica de la rectitud en el ejercicio de la educaci\u00f3n y la convivencia. Estudiantes y profesionales rectos, probos en el ejercicio de sus actos, ser\u00e1n el resultado de la pr\u00e1ctica de este valor.<\/p>\n<p align=\"justify\"><strong>Servicio:\u00a0<\/strong>es la entrega a determinado fin, a algo positivo y superior del inter\u00e9s individual, al cumplimiento del deber y al cumplimiento de las responsabilidades de la comunidad universitaria. Proyect\u00e1ndose el mismo hacia la sociedad.<\/p>\n<\/div>\n<\/div><\/div>\n<\/div>\n<\/div>\n<\/div>\n<\/div>\n<\/div>\n<\/div>\n<\/div>\n<div id=\"cmsmasters_row_69f0691cd35c40_68863113\" class=\"cmsmasters_row cmsmasters_color_scheme_default cmsmasters_row_top_default cmsmasters_row_bot_default cmsmasters_row_boxed\">\n<div class=\"cmsmasters_row_outer_parent\">\n<div class=\"cmsmasters_row_outer\">\n<div class=\"cmsmasters_row_inner\">\n<div class=\"cmsmasters_row_margin\">\n<div class=\"cmsmasters_column one_first\">\n\n<div id=\"cmsmasters_divider_69f0691cd36582_00280067\" class=\"cl\"><\/div>\n<\/div>\n<\/div>\n<\/div>\n<\/div>\n<\/div>\n<\/div>\n\n","protected":false},"excerpt":{"rendered":"","protected":false},"author":2,"featured_media":0,"parent":0,"menu_order":0,"comment_status":"closed","ping_status":"closed","template":"","meta":[],"_links":{"self":[{"href":"https:\/\/uspg.edu.gt\/usp\/wp-json\/wp\/v2\/pages\/4982"}],"collection":[{"href":"https:\/\/uspg.edu.gt\/usp\/wp-json\/wp\/v2\/pages"}],"about":[{"href":"https:\/\/uspg.edu.gt\/usp\/wp-json\/wp\/v2\/types\/page"}],"author":[{"embeddable":true,"href":"https:\/\/uspg.edu.gt\/usp\/wp-json\/wp\/v2\/users\/2"}],"replies":[{"embeddable":true,"href":"https:\/\/uspg.edu.gt\/usp\/wp-json\/wp\/v2\/comments?post=4982"}],"version-history":[{"count":25,"href":"https:\/\/uspg.edu.gt\/usp\/wp-json\/wp\/v2\/pages\/4982\/revisions"}],"predecessor-version":[{"id":9883,"href":"https:\/\/uspg.edu.gt\/usp\/wp-json\/wp\/v2\/pages\/4982\/revisions\/9883"}],"wp:attachment":[{"href":"https:\/\/uspg.edu.gt\/usp\/wp-json\/wp\/v2\/media?parent=4982"}],"curies":[{"name":"wp","href":"https:\/\/api.w.org\/{rel}","templated":true}]}}