{"id":8192,"date":"2023-03-20T09:15:26","date_gmt":"2023-03-20T15:15:26","guid":{"rendered":"https:\/\/uspg.edu.gt\/usp\/?page_id=8192"},"modified":"2026-04-16T14:54:11","modified_gmt":"2026-04-16T20:54:11","slug":"bolsa_de_empleo","status":"publish","type":"page","link":"https:\/\/uspg.edu.gt\/usp\/bolsa_de_empleo\/","title":{"rendered":"Bolsa de empleo"},"content":{"rendered":"<style type=\"text\/css\"> \n#cmsmasters_row_69e2e6c4dd9cf7_21494861 .cmsmasters_row_outer_parent { \n\tpadding-top: 0px; \n} \n\n#cmsmasters_row_69e2e6c4dd9cf7_21494861 .cmsmasters_row_outer_parent { \n\tpadding-bottom: 50px; \n} \n\n#cmsmasters_row_69e2e6c4dd9cf7_21494861 .cmsmasters_row_inner.cmsmasters_row_fullwidth { \n\tpadding-left:0%; \n} \n#cmsmasters_row_69e2e6c4dd9cf7_21494861 .cmsmasters_row_inner.cmsmasters_row_fullwidth { \n\tpadding-right:0%; \n} \n \n#cmsmasters_row_69e2e6c4e16bd7_20134822 .cmsmasters_row_outer_parent { \n\tpadding-top: 15px; \n} \n\n#cmsmasters_row_69e2e6c4e16bd7_20134822 .cmsmasters_row_outer_parent { \n\tpadding-bottom: 15px; \n} \n\n \n#cmsmasters_divider_69e2e6c4e17bc7_73365619 { \n\tborder-bottom-width:0px; \n\tborder-bottom-style:solid; \n\tpadding-top:10px; \n\tmargin-bottom:10px; \n} \n \n#cmsmasters_row_69e2e6c4e18404_97478041 .cmsmasters_row_outer_parent { \n\tpadding-top: 0px; \n} \n\n#cmsmasters_row_69e2e6c4e18404_97478041 .cmsmasters_row_outer_parent { \n\tpadding-bottom: 15px; \n} \n\n \n#cmsmasters_row_69e2e6c4e19b14_32545650 .cmsmasters_row_outer_parent { \n\tpadding-top: 0px; \n} \n\n#cmsmasters_row_69e2e6c4e19b14_32545650 .cmsmasters_row_outer_parent { \n\tpadding-bottom: 15px; \n} \n\n \n#cmsmasters_row_69e2e6c4e1ac38_59907530 .cmsmasters_row_outer_parent { \n\tpadding-top: 15px; \n} \n\n#cmsmasters_row_69e2e6c4e1ac38_59907530 .cmsmasters_row_outer_parent { \n\tpadding-bottom: 15px; \n} \n\n \n#cmsmasters_divider_69e2e6c4e1f2d4_93740156 { \n\tborder-bottom-width:0px; \n\tborder-bottom-style:solid; \n\tpadding-top:20px; \n\tmargin-bottom:10px; \n} \n \n#cmsmasters_divider_69e2e6c4e223b5_52902253 { \n\tborder-bottom-width:0px; \n\tborder-bottom-style:solid; \n\tpadding-top:20px; \n\tmargin-bottom:10px; \n} \n \n#cmsmasters_row_69e2e6c4e227b0_81797122 .cmsmasters_row_outer_parent { \n\tpadding-top: 0px; \n} \n\n#cmsmasters_row_69e2e6c4e227b0_81797122 .cmsmasters_row_outer_parent { \n\tpadding-bottom: 05px; \n} \n\n \n#cmsmasters_row_69e2e6c4e238f1_69686919 .cmsmasters_row_outer_parent { \n\tpadding-top: 25px; \n} \n\n#cmsmasters_row_69e2e6c4e238f1_69686919 .cmsmasters_row_outer_parent { \n\tpadding-bottom: 100px; \n} \n\n \n#cmsmasters_divider_69e2e6c4e24249_65816713 { \n\tborder-bottom-width:0px; \n\tborder-bottom-style:solid; \n\tpadding-top:20px; \n\tmargin-bottom:10px; \n} \n \n#cmsmasters_divider_69e2e6c4e248a2_43086945 { \n\tborder-bottom-width:0px; \n\tborder-bottom-style:solid; \n\tpadding-top:20px; \n\tmargin-bottom:10px; \n} \n \n#cmsmasters_divider_69e2e6c4e24a83_05803098 { \n\tborder-bottom-width:0px; \n\tborder-bottom-style:solid; \n\tpadding-top:20px; \n\tmargin-bottom:10px; \n} \n \n#cmsmasters_row_69e2e6c4e24d81_90302788 .cmsmasters_row_outer_parent { \n\tpadding-top: 25px; \n} \n\n#cmsmasters_row_69e2e6c4e24d81_90302788 .cmsmasters_row_outer_parent { \n\tpadding-bottom: 100px; \n} \n\n \n#cmsmasters_divider_69e2e6c4e260a5_35498076 { \n\tborder-bottom-width:0px; \n\tborder-bottom-style:solid; \n\tpadding-top:20px; \n\tmargin-bottom:10px; \n} \n \n#cmsmasters_divider_69e2e6c4e26299_95803943 { \n\tborder-bottom-width:0px; \n\tborder-bottom-style:solid; \n\tpadding-top:20px; \n\tmargin-bottom:10px; \n} \n \n#cmsmasters_divider_69e2e6c4e26444_68823490 { \n\tborder-bottom-width:0px; \n\tborder-bottom-style:solid; \n\tpadding-top:20px; \n\tmargin-bottom:10px; \n} \n \n#cmsmasters_row_69e2e6c4e26933_98456482 .cmsmasters_row_outer_parent { \n\tpadding-top: 0px; \n} \n\n#cmsmasters_row_69e2e6c4e26933_98456482 .cmsmasters_row_outer_parent { \n\tpadding-bottom: 50px; \n} \n\n \n#cmsmasters_row_69e2e6c4e26ea2_74923872 { \n\tbackground-image: url(https:\/\/uspg.edu.gt\/usp\/wp-content\/uploads\/2022\/05\/arco-6.png); \n\tbackground-position: top center; \n\tbackground-repeat: no-repeat; \n\tbackground-attachment: scroll; \n\tbackground-size: cover; \n} \n\n#cmsmasters_row_69e2e6c4e26ea2_74923872 .cmsmasters_row_outer_parent { \n\tpadding-top: 100px; \n} \n\n#cmsmasters_row_69e2e6c4e26ea2_74923872 .cmsmasters_row_outer_parent { \n\tpadding-bottom: 100px; \n} \n\n \n#cmsmasters_divider_69e2e6c4e29de5_18969318 { \n\tborder-bottom-width:0px; \n\tborder-bottom-style:solid; \n\tpadding-top:0px; \n\tmargin-bottom:50px; \n} \n \n#cmsmasters_row_69e2e6c4e2a1d7_62764943 { \n\tbackground-color:#3b3d4a;\n} \n\n#cmsmasters_row_69e2e6c4e2a1d7_62764943 .cmsmasters_row_outer_parent { \n\tpadding-top: 0px; \n} \n\n#cmsmasters_row_69e2e6c4e2a1d7_62764943 .cmsmasters_row_outer_parent { \n\tpadding-bottom: 0px; \n} \n\n<\/style><div id=\"cmsmasters_row_69e2e6c4dd9cf7_21494861\" class=\"cmsmasters_row cmsmasters_color_scheme_default cmsmasters_row_top_default cmsmasters_row_bot_default cmsmasters_row_fullwidth\">\n<div class=\"cmsmasters_row_outer_parent\">\n<div class=\"cmsmasters_row_outer\">\n<div class=\"cmsmasters_row_inner cmsmasters_row_fullwidth\">\n<div class=\"cmsmasters_row_margin\">\n<div class=\"cmsmasters_column one_first\">\n<div class=\"cmsmasters_slider\">\n\t\t\t<!-- START Empleo REVOLUTION SLIDER 6.3.3 --><p class=\"rs-p-wp-fix\"><\/p>\n\t\t\t<rs-module-wrap id=\"rev_slider_47_1_wrapper\" data-source=\"gallery\" style=\"background:transparent;padding:0;margin:0px auto;margin-top:0;margin-bottom:0;max-width:;\">\n\t\t\t\t<rs-module id=\"rev_slider_47_1\" class=\" rs-ov-hidden\" style=\"\" data-version=\"6.3.3\">\n\t\t\t\t\t<rs-slides>\n\t\t\t\t\t\t<rs-slide data-key=\"rs-68\" data-title=\"Slide\" data-anim=\"ei:d;eo:d;s:600ms;r:default;t:fade;sl:d;\">\n\t\t\t\t\t\t\t<img src=\"\/\/uspg.edu.gt\/usp\/wp-content\/uploads\/2022\/07\/Bolsa-de-empleo.jpg\" title=\"Bolsa-de-empleo\" width=\"1990\" height=\"700\" class=\"rev-slidebg\" data-no-retina>\n<!--\n\t\t\t\t\t\t\t--><rs-layer\n\t\t\t\t\t\t\t\tid=\"slider-47-slide-68-layer-1\" \n\t\t\t\t\t\t\t\tdata-type=\"text\"\n\t\t\t\t\t\t\t\tdata-color=\"#fff\"\n\t\t\t\t\t\t\t\tdata-rsp_ch=\"on\"\n\t\t\t\t\t\t\t\tdata-xy=\"x:87px;y:563px;\"\n\t\t\t\t\t\t\t\tdata-text=\"w:normal;s:56;l:50;fw:900;\"\n\t\t\t\t\t\t\t\tdata-dim=\"minh:0px;\"\n\t\t\t\t\t\t\t\tdata-frame_999=\"o:0;st:w;\"\n\t\t\t\t\t\t\t\tstyle=\"z-index:6;font-family:Arial;\"\n\t\t\t\t\t\t\t>Bolsa de <br \/>\n \n\t\t\t\t\t\t\t<\/rs-layer><!--\n\n\t\t\t\t\t\t\t--><rs-layer\n\t\t\t\t\t\t\t\tid=\"slider-47-slide-68-layer-2\" \n\t\t\t\t\t\t\t\tdata-type=\"text\"\n\t\t\t\t\t\t\t\tdata-color=\"#ff9e18\"\n\t\t\t\t\t\t\t\tdata-rsp_ch=\"on\"\n\t\t\t\t\t\t\t\tdata-xy=\"x:367px;y:563px;\"\n\t\t\t\t\t\t\t\tdata-text=\"w:normal;s:56;l:50;fw:900;\"\n\t\t\t\t\t\t\t\tdata-dim=\"minh:0px;\"\n\t\t\t\t\t\t\t\tdata-frame_999=\"o:0;st:w;\"\n\t\t\t\t\t\t\t\tstyle=\"z-index:6;font-family:Arial;\"\n\t\t\t\t\t\t\t>empleo<br \/>\n \n\t\t\t\t\t\t\t<\/rs-layer><!--\n-->\t\t\t\t\t\t<\/rs-slide>\n\t\t\t\t\t<\/rs-slides>\n\t\t\t\t<\/rs-module>\n\t\t\t\t<script type=\"text\/javascript\">\n\t\t\t\t\tsetREVStartSize({c: 'rev_slider_47_1',rl:[1240,1024,778,480],el:[700],gw:[1980],gh:[700],type:'standard',justify:'',layout:'fullwidth',mh:\"0\"});\n\t\t\t\t\tvar\trevapi47,\n\t\t\t\t\t\ttpj;\n\t\t\t\t\tfunction revinit_revslider471() {\n\t\t\t\t\tjQuery(function() {\n\t\t\t\t\t\ttpj = jQuery;\n\t\t\t\t\t\trevapi47 = tpj(\"#rev_slider_47_1\");\n\t\t\t\t\t\tif(revapi47==undefined || revapi47.revolution == undefined){\n\t\t\t\t\t\t\trevslider_showDoubleJqueryError(\"rev_slider_47_1\");\n\t\t\t\t\t\t}else{\n\t\t\t\t\t\t\trevapi47.revolution({\n\t\t\t\t\t\t\t\tvisibilityLevels:\"1240,1024,778,480\",\n\t\t\t\t\t\t\t\tgridwidth:1980,\n\t\t\t\t\t\t\t\tgridheight:700,\n\t\t\t\t\t\t\t\tspinner:\"spinner0\",\n\t\t\t\t\t\t\t\tperspective:600,\n\t\t\t\t\t\t\t\tperspectiveType:\"local\",\n\t\t\t\t\t\t\t\teditorheight:\"700,768,583.992,720\",\n\t\t\t\t\t\t\t\tresponsiveLevels:\"1240,1024,778,480\",\n\t\t\t\t\t\t\t\tprogressBar:{disableProgressBar:true},\n\t\t\t\t\t\t\t\tnavigation: {\n\t\t\t\t\t\t\t\t\tonHoverStop:false\n\t\t\t\t\t\t\t\t},\n\t\t\t\t\t\t\t\tfallbacks: {\n\t\t\t\t\t\t\t\t\tallowHTML5AutoPlayOnAndroid:true\n\t\t\t\t\t\t\t\t},\n\t\t\t\t\t\t\t});\n\t\t\t\t\t\t}\n\t\t\t\t\t\t\n\t\t\t\t\t});\n\t\t\t\t\t} \/\/ End of RevInitScript\n\t\t\t\tvar once_revslider471 = false;\n\t\t\t\tif (document.readyState === \"loading\") {document.addEventListener('readystatechange',function() { if((document.readyState === \"interactive\" || document.readyState === \"complete\") && !once_revslider471 ) { once_revslider471 = true; revinit_revslider471();}});} else {once_revslider471 = true; revinit_revslider471();}\n\t\t\t\t<\/script>\n\t\t\t<\/rs-module-wrap>\n\t\t\t<!-- END REVOLUTION SLIDER -->\n<\/div>\n<\/div>\n<\/div>\n<\/div>\n<\/div>\n<\/div>\n<\/div>\n<div id=\"cmsmasters_row_69e2e6c4e16bd7_20134822\" class=\"cmsmasters_row cmsmasters_color_scheme_default cmsmasters_row_top_default cmsmasters_row_bot_default cmsmasters_row_boxed\">\n<div class=\"cmsmasters_row_outer_parent\">\n<div class=\"cmsmasters_row_outer\">\n<div class=\"cmsmasters_row_inner\">\n<div class=\"cmsmasters_row_margin\">\n<div class=\"cmsmasters_column one_first buttons_center\">\n\n<div id=\"cmsmasters_divider_69e2e6c4e17bc7_73365619\" class=\"cl\"><\/div>\n<div class=\"cmsmasters_text\">\n<p><strong><img loading=\"lazy\" class=\"wp-image-8240 size-full aligncenter\" src=\"https:\/\/uspg.edu.gt\/usp\/wp-content\/uploads\/2023\/05\/logoMN.png\" alt=\"\" width=\"270\" height=\"85\" \/><\/strong><\/p>\n<\/div>\n<\/div>\n<\/div>\n<\/div>\n<\/div>\n<\/div>\n<\/div>\n<div id=\"cmsmasters_row_69e2e6c4e18404_97478041\" class=\"cmsmasters_row cmsmasters_color_scheme_default cmsmasters_row_top_default cmsmasters_row_bot_default cmsmasters_row_boxed\">\n<div class=\"cmsmasters_row_outer_parent\">\n<div class=\"cmsmasters_row_outer\">\n<div class=\"cmsmasters_row_inner\">\n<div class=\"cmsmasters_row_margin\">\n<div class=\"cmsmasters_column one_first\">\n<div class=\"cmsmasters_text\">\n<div id=\"cmsmasters_heading_6995f9177d7b21_92237666\" class=\"cmsmasters_heading_wrap cmsmasters_heading_align_center\">\n<div class=\"cmsmasters_text\"><b>Estimado Estudiante San Pablista:<\/b><\/div>\n<div class=\"cmsmasters_text\" style=\"text-align: justify;\">\u00a1Te damos la bienvenida a nuestra secci\u00f3n de Bolsa de Empleo, en donde encontrar\u00e1s plazas disponibles propias de USPG, as\u00ed como externas de la instituci\u00f3n.Es importante mencionar que las plazas publicadas, se realizan de acuerdo a los perfiles de trabajo ingresados en nuestro portal, por las diferentes empresas participantes, las cuales han sido seleccionadas con la finalidad de brindarte opciones diversas y actualizadas del mercado laboral.Si deseas participar puedes enviar tu hoja de vida, la cual ser\u00e1 revisada directamente por el representante de cada empresa, por lo que ellos se comunicar\u00e1n directamente con las personas interesadas en participar en los procesos de selecci\u00f3n.<\/div>\n<\/div>\n<div><\/div>\n<div><\/div>\n<\/div>\n<\/div>\n<\/div>\n<\/div>\n<\/div>\n<\/div>\n<\/div>\n<div id=\"cmsmasters_row_69e2e6c4e19b14_32545650\" class=\"cmsmasters_row cmsmasters_color_scheme_default cmsmasters_row_top_default cmsmasters_row_bot_default cmsmasters_row_boxed\">\n<div class=\"cmsmasters_row_outer_parent\">\n<div class=\"cmsmasters_row_outer\">\n<div class=\"cmsmasters_row_inner\">\n<div class=\"cmsmasters_row_margin\">\n<div class=\"cmsmasters_column one_first\">\n<div class=\"cmsmasters_text\">\n<div id=\"cmsmasters_heading_6995f9177d7b21_92237666\" class=\"cmsmasters_heading_wrap cmsmasters_heading_align_center\">\n<div class=\"cmsmasters_text\">\n<p><strong>Convocatorias activas USPG<\/strong><\/p>\n<\/div>\n<\/div>\n<\/div>\n<\/div>\n<\/div>\n<\/div>\n<\/div>\n<\/div>\n<\/div>\n<div id=\"cmsmasters_row_69e2e6c4e1ac38_59907530\" class=\"cmsmasters_row cmsmasters_color_scheme_default cmsmasters_row_top_default cmsmasters_row_bot_default cmsmasters_row_boxed\">\n<div class=\"cmsmasters_row_outer_parent\">\n<div class=\"cmsmasters_row_outer\">\n<div class=\"cmsmasters_row_inner\">\n<div class=\"cmsmasters_row_margin\">\n<div class=\"cmsmasters_column one_half buttons_center\">\n<div class=\"aligncenter\">\n<div class=\"cmsmasters_img  cmsmasters_image_c\">\n<img src=\"https:\/\/uspg.edu.gt\/usp\/wp-content\/uploads\/2026\/02\/3-819x1024.jpeg\" \/>\n<\/div>\n<\/div>\n\n\n<div id=\"cmsmasters_divider_69e2e6c4e1f2d4_93740156\" class=\"cl\"><\/div>\n<\/div>\n<div class=\"cmsmasters_column one_half buttons_center\">\n<div class=\"aligncenter\">\n<div class=\"cmsmasters_img  cmsmasters_image_c\">\n<img src=\"https:\/\/uspg.edu.gt\/usp\/wp-content\/uploads\/2026\/02\/1-819x1024.png\" \/>\n<\/div>\n<\/div>\n\n\n<div id=\"cmsmasters_divider_69e2e6c4e223b5_52902253\" class=\"cl\"><\/div>\n<\/div>\n<\/div>\n<\/div>\n<\/div>\n<\/div>\n<\/div>\n<div id=\"cmsmasters_row_69e2e6c4e227b0_81797122\" class=\"cmsmasters_row cmsmasters_color_scheme_default cmsmasters_row_top_default cmsmasters_row_bot_default cmsmasters_row_boxed\">\n<div class=\"cmsmasters_row_outer_parent\">\n<div class=\"cmsmasters_row_outer\">\n<div class=\"cmsmasters_row_inner\">\n<div class=\"cmsmasters_row_margin\">\n<div class=\"cmsmasters_column one_first\">\n<div class=\"cmsmasters_text\">\n<div id=\"cmsmasters_heading_6995f9177d7b21_92237666\" class=\"cmsmasters_heading_wrap cmsmasters_heading_align_center\">\n<div class=\"cmsmasters_text\">\n<p><strong>Convocatorias activas Corporativo El Shaddai<\/strong><\/p>\n<\/div>\n<\/div>\n<\/div>\n<\/div>\n<\/div>\n<\/div>\n<\/div>\n<\/div>\n<\/div>\n<div id=\"cmsmasters_row_69e2e6c4e238f1_69686919\" class=\"cmsmasters_row cmsmasters_color_scheme_default cmsmasters_row_top_default cmsmasters_row_bot_default cmsmasters_row_boxed\">\n<div class=\"cmsmasters_row_outer_parent\">\n<div class=\"cmsmasters_row_outer\">\n<div class=\"cmsmasters_row_inner\">\n<div class=\"cmsmasters_row_margin\">\n<div class=\"cmsmasters_column one_half buttons_center\">\n\n<div id=\"cmsmasters_divider_69e2e6c4e24249_65816713\" class=\"cl\"><\/div>\n<\/div>\n<div class=\"cmsmasters_column one_half buttons_center\">\n\n<div id=\"cmsmasters_divider_69e2e6c4e248a2_43086945\" class=\"cl\"><\/div>\n\n<div id=\"cmsmasters_divider_69e2e6c4e24a83_05803098\" class=\"cl\"><\/div>\n<\/div>\n<\/div>\n<\/div>\n<\/div>\n<\/div>\n<\/div>\n<div id=\"cmsmasters_row_69e2e6c4e24d81_90302788\" class=\"cmsmasters_row cmsmasters_color_scheme_default cmsmasters_row_top_default cmsmasters_row_bot_default cmsmasters_row_boxed\">\n<div class=\"cmsmasters_row_outer_parent\">\n<div class=\"cmsmasters_row_outer\">\n<div class=\"cmsmasters_row_inner\">\n<div class=\"cmsmasters_row_margin\">\n<div class=\"cmsmasters_column one_first buttons_center\">\n<div class=\"cmsmasters_text\">\n<p>Buscan nuestras oportunidades de empleo en nuestras redes sociales.<\/p>\n<p><a href=\"https:\/\/www.facebook.com\/USanPablo\/\"><img loading=\"lazy\" class=\"wp-image-9569 alignnone\" src=\"https:\/\/uspg.edu.gt\/usp\/wp-content\/uploads\/2026\/02\/Facebook-1024x1024.png\" alt=\"\" width=\"44\" height=\"44\" srcset=\"https:\/\/uspg.edu.gt\/usp\/wp-content\/uploads\/2026\/02\/Facebook-1024x1024.png 1024w, https:\/\/uspg.edu.gt\/usp\/wp-content\/uploads\/2026\/02\/Facebook-300x300.png 300w, https:\/\/uspg.edu.gt\/usp\/wp-content\/uploads\/2026\/02\/Facebook-150x150.png 150w, https:\/\/uspg.edu.gt\/usp\/wp-content\/uploads\/2026\/02\/Facebook-768x768.png 768w, https:\/\/uspg.edu.gt\/usp\/wp-content\/uploads\/2026\/02\/Facebook-1536x1536.png 1536w, https:\/\/uspg.edu.gt\/usp\/wp-content\/uploads\/2026\/02\/Facebook-2048x2048.png 2048w, https:\/\/uspg.edu.gt\/usp\/wp-content\/uploads\/2026\/02\/Facebook-70x70.png 70w, https:\/\/uspg.edu.gt\/usp\/wp-content\/uploads\/2026\/02\/Facebook-360x360.png 360w, https:\/\/uspg.edu.gt\/usp\/wp-content\/uploads\/2026\/02\/Facebook-580x580.png 580w, https:\/\/uspg.edu.gt\/usp\/wp-content\/uploads\/2026\/02\/Facebook-860x860.png 860w, https:\/\/uspg.edu.gt\/usp\/wp-content\/uploads\/2026\/02\/Facebook-1160x1160.png 1160w\" sizes=\"(max-width: 44px) 100vw, 44px\" \/> <\/a><a href=\"http:\/\/gt.linkedin.com\/school\/universidad-san-pablo-de-guatemala\/\"><img loading=\"lazy\" class=\"wp-image-9552 alignnone\" src=\"https:\/\/uspg.edu.gt\/usp\/wp-content\/uploads\/2026\/02\/pngimg.com-linkedIn_PNG11.png\" alt=\"\" width=\"41\" height=\"41\" srcset=\"https:\/\/uspg.edu.gt\/usp\/wp-content\/uploads\/2026\/02\/pngimg.com-linkedIn_PNG11.png 200w, https:\/\/uspg.edu.gt\/usp\/wp-content\/uploads\/2026\/02\/pngimg.com-linkedIn_PNG11-150x150.png 150w, https:\/\/uspg.edu.gt\/usp\/wp-content\/uploads\/2026\/02\/pngimg.com-linkedIn_PNG11-70x70.png 70w\" sizes=\"(max-width: 41px) 100vw, 41px\" \/>\u00a0<\/a><\/p>\n<\/div>\n\n\n<div id=\"cmsmasters_divider_69e2e6c4e260a5_35498076\" class=\"cl\"><\/div>\n\n<div id=\"cmsmasters_divider_69e2e6c4e26299_95803943\" class=\"cl\"><\/div>\n\n<div id=\"cmsmasters_divider_69e2e6c4e26444_68823490\" class=\"cl\"><\/div>\n<\/div>\n<\/div>\n<\/div>\n<\/div>\n<\/div>\n<\/div>\n<div id=\"cmsmasters_row_69e2e6c4e26933_98456482\" class=\"cmsmasters_row cmsmasters_color_scheme_default cmsmasters_row_top_default cmsmasters_row_bot_default cmsmasters_row_boxed\">\n<div class=\"cmsmasters_row_outer_parent\">\n<div class=\"cmsmasters_row_outer\">\n<div class=\"cmsmasters_row_inner\">\n<div class=\"cmsmasters_row_margin\">\n<div class=\"cmsmasters_column one_first\">\n<\/div>\n<\/div>\n<\/div>\n<\/div>\n<\/div>\n<\/div>\n<div id=\"cmsmasters_row_69e2e6c4e26ea2_74923872\" class=\"cmsmasters_row cmsmasters_color_scheme_default cmsmasters_row_top_default cmsmasters_row_bot_default cmsmasters_row_boxed\">\n<div class=\"cmsmasters_row_outer_parent\">\n<div class=\"cmsmasters_row_outer\">\n<div class=\"cmsmasters_row_inner\">\n<div class=\"cmsmasters_row_margin\">\n<div class=\"cmsmasters_column one_third\">\n<\/div>\n<div class=\"cmsmasters_column one_third\">\n\n<div id=\"cmsmasters_divider_69e2e6c4e29de5_18969318\" class=\"cl\"><\/div>\n<\/div>\n<div class=\"cmsmasters_column one_third\">\n<\/div>\n<\/div>\n<\/div>\n<\/div>\n<\/div>\n<\/div>\n<div id=\"cmsmasters_row_69e2e6c4e2a1d7_62764943\" class=\"cmsmasters_row cmsmasters_color_scheme_default cmsmasters_row_top_default cmsmasters_row_bot_default cmsmasters_row_boxed\">\n<div class=\"cmsmasters_row_outer_parent\">\n<div class=\"cmsmasters_row_outer\">\n<div class=\"cmsmasters_row_inner\">\n<div class=\"cmsmasters_row_margin\">\n<div class=\"cmsmasters_column one_first\">\n<div class=\"cmsmasters_text\">\n<p><b><div class=\"sfsi_widget sfsi_shortcode_container\"><div class=\"norm_row sfsi_wDiv \"  style=\";text-align:center;\"><div style='width:48px; height:48px;margin-left:10px;margin-bottom:5px; ' class='sfsi_wicons shuffeldiv ' ><div class='inerCnt'><a class=' sficn' data-effect='scale' target='_blank'  href='https:\/\/es-la.facebook.com\/USanPablo\/' id='sfsiid_facebook_icon' style='width:48px;height:48px;opacity:1;background:#31333b;'  ><img data-pin-nopin='true' alt='Facebook' title='Facebook' src='https:\/\/uspg.edu.gt\/usp\/wp-content\/plugins\/ultimate-social-media-icons\/images\/icons_theme\/flat\/flat_facebook.png' width='48' height='48' style='' class='sfcm sfsi_wicon ' data-effect='scale'   \/><\/a><div class=\"sfsi_tool_tip_2 fb_tool_bdr sfsiTlleft\" style=\"opacity:0;z-index:-1;\" id=\"sfsiid_facebook\"><span class=\"bot_arow bot_fb_arow\"><\/span><div class=\"sfsi_inside\"><div  class='icon1'><a href='https:\/\/es-la.facebook.com\/USanPablo\/' target='_blank'><img data-pin-nopin='true' class='sfsi_wicon' alt='Facebook' title='Facebook' src='https:\/\/uspg.edu.gt\/usp\/wp-content\/plugins\/ultimate-social-media-icons\/images\/visit_icons\/Visit_us_fb\/icon_Visit_me_sk_SK.png' \/><\/a><\/div><div  class='icon2'><div class=\"fb-like\" data-href=\"https:\/\/uspg.edu.gt\/usp\/wp-json\/wp\/v2\/pages\/8192\" data-layout=\"button\" data-action=\"like\" data-show-faces=\"false\" data-share=\"true\"><\/div><\/div><\/div><\/div><\/div><\/div><div style='width:48px; height:48px;margin-left:10px;margin-bottom:5px; ' class='sfsi_wicons shuffeldiv ' ><div class='inerCnt'><a class=' sficn' data-effect='scale' target='_blank'  href='https:\/\/www.youtube.com\/channel\/UCxClkyCgNlYNiN1ruGI_TTg' id='sfsiid_youtube_icon' style='width:48px;height:48px;opacity:1;background:#31333b;'  ><img data-pin-nopin='true' alt='YouTube' title='YouTube' src='https:\/\/uspg.edu.gt\/usp\/wp-content\/plugins\/ultimate-social-media-icons\/images\/icons_theme\/flat\/flat_youtube.png' width='48' height='48' style='' class='sfcm sfsi_wicon ' data-effect='scale'   \/><\/a><\/div><\/div><div style='width:48px; height:48px;margin-left:10px;margin-bottom:5px; ' class='sfsi_wicons shuffeldiv ' ><div class='inerCnt'><a class=' sficn' data-effect='scale' target='_blank'  href='https:\/\/gt.linkedin.com\/school\/universidad-san-pablo-de-guatemala\/' id='sfsiid_linkedin_icon' style='width:48px;height:48px;opacity:1;background:#31333b;'  ><img data-pin-nopin='true' alt='LinkedIn' title='LinkedIn' src='https:\/\/uspg.edu.gt\/usp\/wp-content\/plugins\/ultimate-social-media-icons\/images\/icons_theme\/flat\/flat_linkedin.png' width='48' height='48' style='' class='sfcm sfsi_wicon ' data-effect='scale'   \/><\/a><\/div><\/div><div style='width:48px; height:48px;margin-left:10px;margin-bottom:5px; ' class='sfsi_wicons shuffeldiv ' ><div class='inerCnt'><a class=' sficn' data-effect='scale' target='_blank'  href='https:\/\/www.instagram.com\/usanpabloguatemala\/?hl=es-la' id='sfsiid_instagram_icon' style='width:48px;height:48px;opacity:1;background:#31333b;'  ><img data-pin-nopin='true' alt='Instagram' title='Instagram' src='https:\/\/uspg.edu.gt\/usp\/wp-content\/plugins\/ultimate-social-media-icons\/images\/icons_theme\/flat\/flat_instagram.png' width='48' height='48' style='' class='sfcm sfsi_wicon ' data-effect='scale'   \/><\/a><\/div><\/div><div style='width:48px; height:48px;margin-left:10px;margin-bottom:5px; ' class='sfsi_wicons shuffeldiv ' ><div class='inerCnt'><a class=' sficn' data-effect='scale' target='_blank'  href='https:\/\/www.tiktok.com\/@usanpablo' id='sfsiid_tiktok_icon' style='width:48px;height:48px;opacity:1;background:#31333b;'  ><img data-pin-nopin='true' alt='' title='' src='https:\/\/uspg.edu.gt\/usp\/wp-content\/plugins\/ultimate-social-media-icons\/images\/icons_theme\/flat\/flat_tiktok.png' width='48' height='48' style='' class='sfcm sfsi_wicon ' data-effect='scale'   \/><\/a><\/div><\/div><\/div ><div id=\"sfsi_holder\" class=\"sfsi_holders\" style=\"position: relative; float: left;width:100%;z-index:-1;\"><\/div ><script>window.addEventListener(\"sfsi_functions_loaded\", function() \r\r\n\t\t\t{\r\r\n\t\t\t\tif (typeof sfsi_widget_set == \"function\") {\r\r\n\t\t\t\t\tsfsi_widget_set();\r\r\n\t\t\t\t}\r\r\n\t\t\t}); <\/script><div style=\"clear: both;\"><\/div><\/div><\/b><\/p>\n<\/div>\n<\/div>\n<\/div>\n<\/div>\n<\/div>\n<\/div>\n<\/div>\n\n","protected":false},"excerpt":{"rendered":"","protected":false},"author":2,"featured_media":0,"parent":0,"menu_order":0,"comment_status":"closed","ping_status":"closed","template":"","meta":[],"_links":{"self":[{"href":"https:\/\/uspg.edu.gt\/usp\/wp-json\/wp\/v2\/pages\/8192"}],"collection":[{"href":"https:\/\/uspg.edu.gt\/usp\/wp-json\/wp\/v2\/pages"}],"about":[{"href":"https:\/\/uspg.edu.gt\/usp\/wp-json\/wp\/v2\/types\/page"}],"author":[{"embeddable":true,"href":"https:\/\/uspg.edu.gt\/usp\/wp-json\/wp\/v2\/users\/2"}],"replies":[{"embeddable":true,"href":"https:\/\/uspg.edu.gt\/usp\/wp-json\/wp\/v2\/comments?post=8192"}],"version-history":[{"count":68,"href":"https:\/\/uspg.edu.gt\/usp\/wp-json\/wp\/v2\/pages\/8192\/revisions"}],"predecessor-version":[{"id":9903,"href":"https:\/\/uspg.edu.gt\/usp\/wp-json\/wp\/v2\/pages\/8192\/revisions\/9903"}],"wp:attachment":[{"href":"https:\/\/uspg.edu.gt\/usp\/wp-json\/wp\/v2\/media?parent=8192"}],"curies":[{"name":"wp","href":"https:\/\/api.w.org\/{rel}","templated":true}]}}