{"id":8692,"date":"2024-03-18T13:12:30","date_gmt":"2024-03-18T19:12:30","guid":{"rendered":"https:\/\/uspg.edu.gt\/usp\/?page_id=8692"},"modified":"2026-04-16T17:27:40","modified_gmt":"2026-04-16T23:27:40","slug":"eaa","status":"publish","type":"page","link":"https:\/\/uspg.edu.gt\/usp\/eaa\/","title":{"rendered":"Biblioteca Enrique y Asunci\u00f3n Arimany"},"content":{"rendered":"<style type=\"text\/css\"> \n#cmsmasters_row_6a09bd41a1f6f4_61466693 .cmsmasters_row_outer_parent { \n\tpadding-top: 0px; \n} \n\n#cmsmasters_row_6a09bd41a1f6f4_61466693 .cmsmasters_row_outer_parent { \n\tpadding-bottom: 50px; \n} \n\n#cmsmasters_row_6a09bd41a1f6f4_61466693 .cmsmasters_row_inner.cmsmasters_row_fullwidth { \n\tpadding-left:0%; \n} \n#cmsmasters_row_6a09bd41a1f6f4_61466693 .cmsmasters_row_inner.cmsmasters_row_fullwidth { \n\tpadding-right:0%; \n} \n \n#cmsmasters_row_6a09bd41a79774_32941069 .cmsmasters_row_outer_parent { \n\tpadding-top: 0px; \n} \n\n#cmsmasters_row_6a09bd41a79774_32941069 .cmsmasters_row_outer_parent { \n\tpadding-bottom: 30px; \n} \n\n \n#cmsmasters_row_6a09bd41a7b632_65090009 .cmsmasters_row_outer_parent { \n\tpadding-top: 0px; \n} \n\n#cmsmasters_row_6a09bd41a7b632_65090009 .cmsmasters_row_outer_parent { \n\tpadding-bottom: 0px; \n} \n\n \n#cmsmasters_row_6a09bd41a95d61_83723169 .cmsmasters_row_outer_parent { \n\tpadding-top: 0px; \n} \n\n#cmsmasters_row_6a09bd41a95d61_83723169 .cmsmasters_row_outer_parent { \n\tpadding-bottom: 0px; \n} \n\n \n#cmsmasters_heading_6a09bd41a96c47_00325204 { \n\ttext-align:center; \n\tmargin-top:120px; \n\tmargin-bottom:10px; \n} \n\n#cmsmasters_heading_6a09bd41a96c47_00325204 .cmsmasters_heading { \n\ttext-align:center; \n} \n\n#cmsmasters_heading_6a09bd41a96c47_00325204 .cmsmasters_heading, #cmsmasters_heading_6a09bd41a96c47_00325204 .cmsmasters_heading a { \n\tfont-family:'Montserrat'; \n\tfont-size:43px; \n\tfont-weight:400; \n\tfont-style:normal; \n} \n\n#cmsmasters_heading_6a09bd41a96c47_00325204 .cmsmasters_heading_divider { \n} \n\n \n#cmsmasters_heading_6a09bd41a97127_35459179 { \n\ttext-align:center; \n\tmargin-top:0px; \n\tmargin-bottom:40px; \n} \n\n#cmsmasters_heading_6a09bd41a97127_35459179 .cmsmasters_heading { \n\ttext-align:center; \n} \n\n#cmsmasters_heading_6a09bd41a97127_35459179 .cmsmasters_heading, #cmsmasters_heading_6a09bd41a97127_35459179 .cmsmasters_heading a { \n\tfont-family:'Montserrat'; \n\tfont-size:44px; \n\tfont-weight:700; \n\tfont-style:normal; \n} \n\n#cmsmasters_heading_6a09bd41a97127_35459179 .cmsmasters_heading_divider { \n} \n\n \n#cmsmasters_row_6a09bd41a98003_30075281 { \n\tbackground-image: url(https:\/\/uspg.edu.gt\/usp\/wp-content\/uploads\/2022\/05\/arco-6.png); \n\tbackground-position: top center; \n\tbackground-repeat: no-repeat; \n\tbackground-attachment: scroll; \n\tbackground-size: cover; \n} \n\n#cmsmasters_row_6a09bd41a98003_30075281 .cmsmasters_row_outer_parent { \n\tpadding-top: 100px; \n} \n\n#cmsmasters_row_6a09bd41a98003_30075281 .cmsmasters_row_outer_parent { \n\tpadding-bottom: 100px; \n} \n\n \n#cmsmasters_divider_6a09bd41a9d7c8_02756581 { \n\tborder-bottom-width:0px; \n\tborder-bottom-style:solid; \n\tpadding-top:20px; \n\tmargin-bottom:30px; \n} \n \n#cmsmasters_row_6a09bd41a9dbe8_78715341 { \n\tbackground-color:#3b3d4a;\n} \n\n#cmsmasters_row_6a09bd41a9dbe8_78715341 .cmsmasters_row_outer_parent { \n\tpadding-top: 0px; \n} \n\n#cmsmasters_row_6a09bd41a9dbe8_78715341 .cmsmasters_row_outer_parent { \n\tpadding-bottom: 0px; \n} \n\n<\/style><div id=\"cmsmasters_row_6a09bd41a1f6f4_61466693\" class=\"cmsmasters_row cmsmasters_color_scheme_default cmsmasters_row_top_default cmsmasters_row_bot_default cmsmasters_row_fullwidth\">\n<div class=\"cmsmasters_row_outer_parent\">\n<div class=\"cmsmasters_row_outer\">\n<div class=\"cmsmasters_row_inner cmsmasters_row_fullwidth\">\n<div class=\"cmsmasters_row_margin\">\n<div class=\"cmsmasters_column one_first\">\n<div class=\"cmsmasters_slider\">\n\t\t\t<!-- START Biblioteca2 REVOLUTION SLIDER 6.3.3 --><p class=\"rs-p-wp-fix\"><\/p>\n\t\t\t<rs-module-wrap id=\"rev_slider_58_1_wrapper\" data-source=\"gallery\" style=\"background:transparent;padding:0;margin:0px auto;margin-top:0;margin-bottom:0;max-width:;\">\n\t\t\t\t<rs-module id=\"rev_slider_58_1\" class=\" rs-ov-hidden\" style=\"\" data-version=\"6.3.3\">\n\t\t\t\t\t<rs-slides>\n\t\t\t\t\t\t<rs-slide data-key=\"rs-98\" data-title=\"Slide\" data-anim=\"ei:d;eo:d;s:600ms;r:default;t:fade;sl:d;\">\n\t\t\t\t\t\t\t<img src=\"\/\/uspg.edu.gt\/usp\/wp-content\/uploads\/2024\/03\/portada_eaa_landing.jpg\" title=\"portada_eaa_landing\" width=\"2200\" height=\"767\" class=\"rev-slidebg\" data-no-retina>\n<!--\n\t\t\t\t\t\t\t--><rs-layer\n\t\t\t\t\t\t\t\tid=\"slider-58-slide-98-layer-1\" \n\t\t\t\t\t\t\t\tdata-type=\"text\"\n\t\t\t\t\t\t\t\tdata-color=\"#fff\"\n\t\t\t\t\t\t\t\tdata-rsp_ch=\"on\"\n\t\t\t\t\t\t\t\tdata-xy=\"x:569px;y:430px;\"\n\t\t\t\t\t\t\t\tdata-text=\"w:nowrap;l:50;fw:900;\"\n\t\t\t\t\t\t\t\tdata-dim=\"minh:0;\"\n\t\t\t\t\t\t\t\tdata-frame_999=\"o:0;st:w;\"\n\t\t\t\t\t\t\t\tstyle=\"z-index:6;font-family:Arial;\"\n\t\t\t\t\t\t\t> \n\t\t\t\t\t\t\t<\/rs-layer><!--\n-->\t\t\t\t\t\t<\/rs-slide>\n\t\t\t\t\t<\/rs-slides>\n\t\t\t\t<\/rs-module>\n\t\t\t\t<script type=\"text\/javascript\">\n\t\t\t\t\tsetREVStartSize({c: 'rev_slider_58_1',rl:[1240,1024,778,480],el:[699.984],gw:[1980],gh:[700],type:'standard',justify:'',layout:'fullwidth',mh:\"0\"});\n\t\t\t\t\tvar\trevapi58,\n\t\t\t\t\t\ttpj;\n\t\t\t\t\tfunction revinit_revslider581() {\n\t\t\t\t\tjQuery(function() {\n\t\t\t\t\t\ttpj = jQuery;\n\t\t\t\t\t\trevapi58 = tpj(\"#rev_slider_58_1\");\n\t\t\t\t\t\tif(revapi58==undefined || revapi58.revolution == undefined){\n\t\t\t\t\t\t\trevslider_showDoubleJqueryError(\"rev_slider_58_1\");\n\t\t\t\t\t\t}else{\n\t\t\t\t\t\t\trevapi58.revolution({\n\t\t\t\t\t\t\t\tvisibilityLevels:\"1240,1024,778,480\",\n\t\t\t\t\t\t\t\tgridwidth:1980,\n\t\t\t\t\t\t\t\tgridheight:700,\n\t\t\t\t\t\t\t\tspinner:\"spinner0\",\n\t\t\t\t\t\t\t\tperspective:600,\n\t\t\t\t\t\t\t\tperspectiveType:\"local\",\n\t\t\t\t\t\t\t\teditorheight:\"699.984,768,583.992,720\",\n\t\t\t\t\t\t\t\tresponsiveLevels:\"1240,1024,778,480\",\n\t\t\t\t\t\t\t\tprogressBar:{disableProgressBar:true},\n\t\t\t\t\t\t\t\tnavigation: {\n\t\t\t\t\t\t\t\t\tonHoverStop:false\n\t\t\t\t\t\t\t\t},\n\t\t\t\t\t\t\t\tfallbacks: {\n\t\t\t\t\t\t\t\t\tallowHTML5AutoPlayOnAndroid:true\n\t\t\t\t\t\t\t\t},\n\t\t\t\t\t\t\t});\n\t\t\t\t\t\t}\n\t\t\t\t\t\t\n\t\t\t\t\t});\n\t\t\t\t\t} \/\/ End of RevInitScript\n\t\t\t\tvar once_revslider581 = false;\n\t\t\t\tif (document.readyState === \"loading\") {document.addEventListener('readystatechange',function() { if((document.readyState === \"interactive\" || document.readyState === \"complete\") && !once_revslider581 ) { once_revslider581 = true; revinit_revslider581();}});} else {once_revslider581 = true; revinit_revslider581();}\n\t\t\t\t<\/script>\n\t\t\t<\/rs-module-wrap>\n\t\t\t<!-- END REVOLUTION SLIDER -->\n<\/div>\n<\/div>\n<\/div>\n<\/div>\n<\/div>\n<\/div>\n<\/div>\n<div id=\"cmsmasters_row_6a09bd41a79774_32941069\" class=\"cmsmasters_row cmsmasters_color_scheme_default cmsmasters_row_top_default cmsmasters_row_bot_default cmsmasters_row_boxed\">\n<div class=\"cmsmasters_row_outer_parent\">\n<div class=\"cmsmasters_row_outer\">\n<div class=\"cmsmasters_row_inner\">\n<div class=\"cmsmasters_row_margin\">\n<div class=\"cmsmasters_column one_first\">\n<div class=\"cmsmasters_text\">\n<p style=\"text-align: justify;\">La Biblioteca Enrique y Asunci\u00f3n Arimany es un espacio vanguardista concebido para inspirar el aprendizaje y la colaboraci\u00f3n. Aqu\u00ed los estudiantes disfrutar\u00e1n de un entorno \u00f3ptimo para estudiar y trabajar en equipo, con un enfoque en la concentraci\u00f3n, el respeto por el ambiente acad\u00e9mico en un espacio totalmente co-working.<\/p>\n<p style=\"text-align: justify;\">\u00a1\u00danete a nosotros y vive la experiencia de crecimiento personal y acad\u00e9mico!<\/p>\n<p style=\"text-align: justify;\"><span style=\"color: #aa182c;\"><strong>Horario de atenci\u00f3n Biblioteca EAA: <\/strong><\/span><\/p>\n<p style=\"text-align: justify;\"><strong>Martes a viernes de 14:00 a 19:00 hrs. <\/strong><\/p>\n<p style=\"text-align: justify;\"><strong>S\u00e1bados de 08:00 a 15:00 hrs.<\/strong><\/p>\n<\/div>\n<\/div>\n<\/div>\n<\/div>\n<\/div>\n<\/div>\n<\/div>\n<div id=\"cmsmasters_row_6a09bd41a7b632_65090009\" class=\"cmsmasters_row cmsmasters_color_scheme_default cmsmasters_row_top_default cmsmasters_row_bot_default cmsmasters_row_boxed\">\n<div class=\"cmsmasters_row_outer_parent\">\n<div class=\"cmsmasters_row_outer\">\n<div class=\"cmsmasters_row_inner\">\n<div class=\"cmsmasters_row_margin\">\n<div class=\"cmsmasters_column one_first\">\n<p><script type=\"text\/javascript\">jQuery(document).ready(function () { jQuery(\"#cmsmasters_hover_slider_6a09bd41a7d372_97568128\").cmsmastersHoverSlider( { sliderBlock : \"#cmsmasters_hover_slider_6a09bd41a7d372_97568128\", sliderItems : \".cmsmasters_hover_slider_items\", thumbWidth : \"100\", thumbHeight : \"60\", activeSlide : 1, pauseTime : 5000, pauseOnHover : true } );} );<\/script><div id=\"cmsmasters_hover_slider_6a09bd41a7d372_97568128\" class=\"cmsmasters_hover_slider\">\n<ul class=\"cmsmasters_hover_slider_items\">\n<li><figure class=\"cmsmasters_hover_slider_full_img\"><img width=\"820\" height=\"490\" src=\"https:\/\/uspg.edu.gt\/usp\/wp-content\/uploads\/2024\/03\/1.jpg\" class=\"attachment-post-thumbnail size-post-thumbnail\" alt=\"\" loading=\"lazy\" srcset=\"https:\/\/uspg.edu.gt\/usp\/wp-content\/uploads\/2024\/03\/1.jpg 820w, https:\/\/uspg.edu.gt\/usp\/wp-content\/uploads\/2024\/03\/1-300x179.jpg 300w, https:\/\/uspg.edu.gt\/usp\/wp-content\/uploads\/2024\/03\/1-768x459.jpg 768w, https:\/\/uspg.edu.gt\/usp\/wp-content\/uploads\/2024\/03\/1-580x347.jpg 580w\" sizes=\"(max-width: 820px) 100vw, 820px\" \/><\/figure><\/li><li><figure class=\"cmsmasters_hover_slider_full_img\"><img width=\"820\" height=\"490\" src=\"https:\/\/uspg.edu.gt\/usp\/wp-content\/uploads\/2024\/03\/10.jpg\" class=\"attachment-post-thumbnail size-post-thumbnail\" alt=\"\" loading=\"lazy\" srcset=\"https:\/\/uspg.edu.gt\/usp\/wp-content\/uploads\/2024\/03\/10.jpg 820w, https:\/\/uspg.edu.gt\/usp\/wp-content\/uploads\/2024\/03\/10-300x179.jpg 300w, https:\/\/uspg.edu.gt\/usp\/wp-content\/uploads\/2024\/03\/10-768x459.jpg 768w, https:\/\/uspg.edu.gt\/usp\/wp-content\/uploads\/2024\/03\/10-580x347.jpg 580w\" sizes=\"(max-width: 820px) 100vw, 820px\" \/><\/figure><\/li><li><figure class=\"cmsmasters_hover_slider_full_img\"><img width=\"820\" height=\"490\" src=\"https:\/\/uspg.edu.gt\/usp\/wp-content\/uploads\/2024\/03\/5.jpg\" class=\"attachment-post-thumbnail size-post-thumbnail\" alt=\"\" loading=\"lazy\" srcset=\"https:\/\/uspg.edu.gt\/usp\/wp-content\/uploads\/2024\/03\/5.jpg 820w, https:\/\/uspg.edu.gt\/usp\/wp-content\/uploads\/2024\/03\/5-300x179.jpg 300w, https:\/\/uspg.edu.gt\/usp\/wp-content\/uploads\/2024\/03\/5-768x459.jpg 768w, https:\/\/uspg.edu.gt\/usp\/wp-content\/uploads\/2024\/03\/5-580x347.jpg 580w\" sizes=\"(max-width: 820px) 100vw, 820px\" \/><\/figure><\/li><li><figure class=\"cmsmasters_hover_slider_full_img\"><img width=\"820\" height=\"490\" src=\"https:\/\/uspg.edu.gt\/usp\/wp-content\/uploads\/2024\/03\/3.jpg\" class=\"attachment-post-thumbnail size-post-thumbnail\" alt=\"\" loading=\"lazy\" srcset=\"https:\/\/uspg.edu.gt\/usp\/wp-content\/uploads\/2024\/03\/3.jpg 820w, https:\/\/uspg.edu.gt\/usp\/wp-content\/uploads\/2024\/03\/3-300x179.jpg 300w, https:\/\/uspg.edu.gt\/usp\/wp-content\/uploads\/2024\/03\/3-768x459.jpg 768w, https:\/\/uspg.edu.gt\/usp\/wp-content\/uploads\/2024\/03\/3-580x347.jpg 580w\" sizes=\"(max-width: 820px) 100vw, 820px\" \/><\/figure><\/li><li><figure class=\"cmsmasters_hover_slider_full_img\"><img width=\"820\" height=\"490\" src=\"https:\/\/uspg.edu.gt\/usp\/wp-content\/uploads\/2024\/03\/4.jpg\" class=\"attachment-post-thumbnail size-post-thumbnail\" alt=\"\" loading=\"lazy\" srcset=\"https:\/\/uspg.edu.gt\/usp\/wp-content\/uploads\/2024\/03\/4.jpg 820w, https:\/\/uspg.edu.gt\/usp\/wp-content\/uploads\/2024\/03\/4-300x179.jpg 300w, https:\/\/uspg.edu.gt\/usp\/wp-content\/uploads\/2024\/03\/4-768x459.jpg 768w, https:\/\/uspg.edu.gt\/usp\/wp-content\/uploads\/2024\/03\/4-580x347.jpg 580w\" sizes=\"(max-width: 820px) 100vw, 820px\" \/><\/figure><\/li><li><figure class=\"cmsmasters_hover_slider_full_img\"><img width=\"820\" height=\"490\" src=\"https:\/\/uspg.edu.gt\/usp\/wp-content\/uploads\/2024\/03\/6.jpg\" class=\"attachment-post-thumbnail size-post-thumbnail\" alt=\"\" loading=\"lazy\" srcset=\"https:\/\/uspg.edu.gt\/usp\/wp-content\/uploads\/2024\/03\/6.jpg 820w, https:\/\/uspg.edu.gt\/usp\/wp-content\/uploads\/2024\/03\/6-300x179.jpg 300w, https:\/\/uspg.edu.gt\/usp\/wp-content\/uploads\/2024\/03\/6-768x459.jpg 768w, https:\/\/uspg.edu.gt\/usp\/wp-content\/uploads\/2024\/03\/6-580x347.jpg 580w\" sizes=\"(max-width: 820px) 100vw, 820px\" \/><\/figure><\/li><li><figure class=\"cmsmasters_hover_slider_full_img\"><img width=\"820\" height=\"490\" src=\"https:\/\/uspg.edu.gt\/usp\/wp-content\/uploads\/2024\/03\/8.jpg\" class=\"attachment-post-thumbnail size-post-thumbnail\" alt=\"\" loading=\"lazy\" srcset=\"https:\/\/uspg.edu.gt\/usp\/wp-content\/uploads\/2024\/03\/8.jpg 820w, https:\/\/uspg.edu.gt\/usp\/wp-content\/uploads\/2024\/03\/8-300x179.jpg 300w, https:\/\/uspg.edu.gt\/usp\/wp-content\/uploads\/2024\/03\/8-768x459.jpg 768w, https:\/\/uspg.edu.gt\/usp\/wp-content\/uploads\/2024\/03\/8-580x347.jpg 580w\" sizes=\"(max-width: 820px) 100vw, 820px\" \/><\/figure><\/li><li><figure class=\"cmsmasters_hover_slider_full_img\"><img width=\"820\" height=\"490\" src=\"https:\/\/uspg.edu.gt\/usp\/wp-content\/uploads\/2024\/03\/11.jpg\" class=\"attachment-post-thumbnail size-post-thumbnail\" alt=\"\" loading=\"lazy\" srcset=\"https:\/\/uspg.edu.gt\/usp\/wp-content\/uploads\/2024\/03\/11.jpg 820w, https:\/\/uspg.edu.gt\/usp\/wp-content\/uploads\/2024\/03\/11-300x179.jpg 300w, https:\/\/uspg.edu.gt\/usp\/wp-content\/uploads\/2024\/03\/11-768x459.jpg 768w, https:\/\/uspg.edu.gt\/usp\/wp-content\/uploads\/2024\/03\/11-580x347.jpg 580w\" sizes=\"(max-width: 820px) 100vw, 820px\" \/><\/figure><\/li><li><figure class=\"cmsmasters_hover_slider_full_img\"><img width=\"820\" height=\"490\" src=\"https:\/\/uspg.edu.gt\/usp\/wp-content\/uploads\/2024\/03\/2.jpg\" class=\"attachment-post-thumbnail size-post-thumbnail\" alt=\"\" loading=\"lazy\" srcset=\"https:\/\/uspg.edu.gt\/usp\/wp-content\/uploads\/2024\/03\/2.jpg 820w, https:\/\/uspg.edu.gt\/usp\/wp-content\/uploads\/2024\/03\/2-300x179.jpg 300w, https:\/\/uspg.edu.gt\/usp\/wp-content\/uploads\/2024\/03\/2-768x459.jpg 768w, https:\/\/uspg.edu.gt\/usp\/wp-content\/uploads\/2024\/03\/2-580x347.jpg 580w\" sizes=\"(max-width: 820px) 100vw, 820px\" \/><\/figure><\/li><li><figure class=\"cmsmasters_hover_slider_full_img\"><img width=\"820\" height=\"490\" src=\"https:\/\/uspg.edu.gt\/usp\/wp-content\/uploads\/2024\/03\/7.jpg\" class=\"attachment-post-thumbnail size-post-thumbnail\" alt=\"\" loading=\"lazy\" srcset=\"https:\/\/uspg.edu.gt\/usp\/wp-content\/uploads\/2024\/03\/7.jpg 820w, https:\/\/uspg.edu.gt\/usp\/wp-content\/uploads\/2024\/03\/7-300x179.jpg 300w, https:\/\/uspg.edu.gt\/usp\/wp-content\/uploads\/2024\/03\/7-768x459.jpg 768w, https:\/\/uspg.edu.gt\/usp\/wp-content\/uploads\/2024\/03\/7-580x347.jpg 580w\" sizes=\"(max-width: 820px) 100vw, 820px\" \/><\/figure><\/li><li><figure class=\"cmsmasters_hover_slider_full_img\"><img width=\"820\" height=\"490\" src=\"https:\/\/uspg.edu.gt\/usp\/wp-content\/uploads\/2024\/03\/9.jpg\" class=\"attachment-post-thumbnail size-post-thumbnail\" alt=\"\" loading=\"lazy\" srcset=\"https:\/\/uspg.edu.gt\/usp\/wp-content\/uploads\/2024\/03\/9.jpg 820w, https:\/\/uspg.edu.gt\/usp\/wp-content\/uploads\/2024\/03\/9-300x179.jpg 300w, https:\/\/uspg.edu.gt\/usp\/wp-content\/uploads\/2024\/03\/9-768x459.jpg 768w, https:\/\/uspg.edu.gt\/usp\/wp-content\/uploads\/2024\/03\/9-580x347.jpg 580w\" sizes=\"(max-width: 820px) 100vw, 820px\" \/><\/figure><\/li><li><figure class=\"cmsmasters_hover_slider_full_img\"><img width=\"820\" height=\"490\" src=\"https:\/\/uspg.edu.gt\/usp\/wp-content\/uploads\/2024\/03\/12.jpg\" class=\"attachment-post-thumbnail size-post-thumbnail\" alt=\"\" loading=\"lazy\" srcset=\"https:\/\/uspg.edu.gt\/usp\/wp-content\/uploads\/2024\/03\/12.jpg 820w, https:\/\/uspg.edu.gt\/usp\/wp-content\/uploads\/2024\/03\/12-300x179.jpg 300w, https:\/\/uspg.edu.gt\/usp\/wp-content\/uploads\/2024\/03\/12-768x459.jpg 768w, https:\/\/uspg.edu.gt\/usp\/wp-content\/uploads\/2024\/03\/12-580x347.jpg 580w\" sizes=\"(max-width: 820px) 100vw, 820px\" \/><\/figure><\/li><\/ul>\n<\/div>\n<\/div>\n<\/div>\n<\/div>\n<\/div>\n<\/div>\n<\/div>\n<div id=\"cmsmasters_row_6a09bd41a95d61_83723169\" class=\"cmsmasters_row cmsmasters_color_scheme_default cmsmasters_row_top_default cmsmasters_row_bot_default cmsmasters_row_boxed\">\n<div class=\"cmsmasters_row_outer_parent\">\n<div class=\"cmsmasters_row_outer\">\n<div class=\"cmsmasters_row_inner\">\n<div class=\"cmsmasters_row_margin\">\n<div class=\"cmsmasters_column one_half\">\n\n<div id=\"cmsmasters_heading_6a09bd41a96c47_00325204\" class=\"cmsmasters_heading_wrap cmsmasters_heading_align_center\">\n\t<h2 class=\"cmsmasters_heading\">Tenemos las herramientas<\/h2>\n<\/div>\n<div id=\"cmsmasters_heading_6a09bd41a97127_35459179\" class=\"cmsmasters_heading_wrap cmsmasters_heading_align_center\">\n\t<h2 class=\"cmsmasters_heading\">Para impulsar tu futuro<\/h2>\n<\/div>\n<\/div>\n<div class=\"cmsmasters_column one_half\">\n<div class=\"cmsmasters_text\">\n<p><img loading=\"lazy\" class=\"aligncenter wp-image-8715\" src=\"https:\/\/uspg.edu.gt\/usp\/wp-content\/uploads\/2024\/03\/libros.png\" alt=\"\" width=\"357\" height=\"245\" srcset=\"https:\/\/uspg.edu.gt\/usp\/wp-content\/uploads\/2024\/03\/libros.png 1150w, https:\/\/uspg.edu.gt\/usp\/wp-content\/uploads\/2024\/03\/libros-300x206.png 300w, https:\/\/uspg.edu.gt\/usp\/wp-content\/uploads\/2024\/03\/libros-1024x702.png 1024w, https:\/\/uspg.edu.gt\/usp\/wp-content\/uploads\/2024\/03\/libros-768x526.png 768w, https:\/\/uspg.edu.gt\/usp\/wp-content\/uploads\/2024\/03\/libros-474x324.png 474w, https:\/\/uspg.edu.gt\/usp\/wp-content\/uploads\/2024\/03\/libros-580x397.png 580w, https:\/\/uspg.edu.gt\/usp\/wp-content\/uploads\/2024\/03\/libros-860x589.png 860w\" sizes=\"(max-width: 357px) 100vw, 357px\" \/><\/p>\n<\/div>\n<\/div>\n<\/div>\n<\/div>\n<\/div>\n<\/div>\n<\/div>\n<div id=\"cmsmasters_row_6a09bd41a98003_30075281\" class=\"cmsmasters_row cmsmasters_color_scheme_default cmsmasters_row_top_default cmsmasters_row_bot_default cmsmasters_row_boxed\">\n<div class=\"cmsmasters_row_outer_parent\">\n<div class=\"cmsmasters_row_outer\">\n<div class=\"cmsmasters_row_inner\">\n<div class=\"cmsmasters_row_margin\">\n<div class=\"cmsmasters_column one_third\">\n<\/div>\n<div class=\"cmsmasters_column one_third\">\n\n<div id=\"cmsmasters_divider_6a09bd41a9d7c8_02756581\" class=\"cl\"><\/div>\n<\/div>\n<div class=\"cmsmasters_column one_third\">\n<\/div>\n<\/div>\n<\/div>\n<\/div>\n<\/div>\n<\/div>\n<div id=\"cmsmasters_row_6a09bd41a9dbe8_78715341\" class=\"cmsmasters_row cmsmasters_color_scheme_default cmsmasters_row_top_default cmsmasters_row_bot_default cmsmasters_row_boxed\">\n<div class=\"cmsmasters_row_outer_parent\">\n<div class=\"cmsmasters_row_outer\">\n<div class=\"cmsmasters_row_inner\">\n<div class=\"cmsmasters_row_margin\">\n<div class=\"cmsmasters_column one_first\">\n<div class=\"cmsmasters_text\">\n<p><b><div class=\"sfsi_widget sfsi_shortcode_container\"><div class=\"norm_row sfsi_wDiv \"  style=\";text-align:center;\"><div style='width:48px; height:48px;margin-left:10px;margin-bottom:5px; ' class='sfsi_wicons shuffeldiv ' ><div class='inerCnt'><a class=' sficn' data-effect='scale' target='_blank'  href='https:\/\/es-la.facebook.com\/USanPablo\/' id='sfsiid_facebook_icon' style='width:48px;height:48px;opacity:1;background:#31333b;'  ><img data-pin-nopin='true' alt='Facebook' title='Facebook' src='https:\/\/uspg.edu.gt\/usp\/wp-content\/plugins\/ultimate-social-media-icons\/images\/icons_theme\/flat\/flat_facebook.png' width='48' height='48' style='' class='sfcm sfsi_wicon ' data-effect='scale'   \/><\/a><div class=\"sfsi_tool_tip_2 fb_tool_bdr sfsiTlleft\" style=\"opacity:0;z-index:-1;\" id=\"sfsiid_facebook\"><span class=\"bot_arow bot_fb_arow\"><\/span><div class=\"sfsi_inside\"><div  class='icon1'><a href='https:\/\/es-la.facebook.com\/USanPablo\/' target='_blank'><img data-pin-nopin='true' class='sfsi_wicon' alt='Facebook' title='Facebook' src='https:\/\/uspg.edu.gt\/usp\/wp-content\/plugins\/ultimate-social-media-icons\/images\/visit_icons\/Visit_us_fb\/icon_Visit_me_sk_SK.png' \/><\/a><\/div><div  class='icon2'><div class=\"fb-like\" data-href=\"https:\/\/uspg.edu.gt\/usp\/wp-json\/wp\/v2\/pages\/8692\" data-layout=\"button\" data-action=\"like\" data-show-faces=\"false\" data-share=\"true\"><\/div><\/div><\/div><\/div><\/div><\/div><div style='width:48px; height:48px;margin-left:10px;margin-bottom:5px; ' class='sfsi_wicons shuffeldiv ' ><div class='inerCnt'><a class=' sficn' data-effect='scale' target='_blank'  href='https:\/\/www.youtube.com\/channel\/UCxClkyCgNlYNiN1ruGI_TTg' id='sfsiid_youtube_icon' style='width:48px;height:48px;opacity:1;background:#31333b;'  ><img data-pin-nopin='true' alt='YouTube' title='YouTube' src='https:\/\/uspg.edu.gt\/usp\/wp-content\/plugins\/ultimate-social-media-icons\/images\/icons_theme\/flat\/flat_youtube.png' width='48' height='48' style='' class='sfcm sfsi_wicon ' data-effect='scale'   \/><\/a><\/div><\/div><div style='width:48px; height:48px;margin-left:10px;margin-bottom:5px; ' class='sfsi_wicons shuffeldiv ' ><div class='inerCnt'><a class=' sficn' data-effect='scale' target='_blank'  href='https:\/\/gt.linkedin.com\/school\/universidad-san-pablo-de-guatemala\/' id='sfsiid_linkedin_icon' style='width:48px;height:48px;opacity:1;background:#31333b;'  ><img data-pin-nopin='true' alt='LinkedIn' title='LinkedIn' src='https:\/\/uspg.edu.gt\/usp\/wp-content\/plugins\/ultimate-social-media-icons\/images\/icons_theme\/flat\/flat_linkedin.png' width='48' height='48' style='' class='sfcm sfsi_wicon ' data-effect='scale'   \/><\/a><\/div><\/div><div style='width:48px; height:48px;margin-left:10px;margin-bottom:5px; ' class='sfsi_wicons shuffeldiv ' ><div class='inerCnt'><a class=' sficn' data-effect='scale' target='_blank'  href='https:\/\/www.instagram.com\/usanpabloguatemala\/?hl=es-la' id='sfsiid_instagram_icon' style='width:48px;height:48px;opacity:1;background:#31333b;'  ><img data-pin-nopin='true' alt='Instagram' title='Instagram' src='https:\/\/uspg.edu.gt\/usp\/wp-content\/plugins\/ultimate-social-media-icons\/images\/icons_theme\/flat\/flat_instagram.png' width='48' height='48' style='' class='sfcm sfsi_wicon ' data-effect='scale'   \/><\/a><\/div><\/div><div style='width:48px; height:48px;margin-left:10px;margin-bottom:5px; ' class='sfsi_wicons shuffeldiv ' ><div class='inerCnt'><a class=' sficn' data-effect='scale' target='_blank'  href='https:\/\/www.tiktok.com\/@usanpablo' id='sfsiid_tiktok_icon' style='width:48px;height:48px;opacity:1;background:#31333b;'  ><img data-pin-nopin='true' alt='' title='' src='https:\/\/uspg.edu.gt\/usp\/wp-content\/plugins\/ultimate-social-media-icons\/images\/icons_theme\/flat\/flat_tiktok.png' width='48' height='48' style='' class='sfcm sfsi_wicon ' data-effect='scale'   \/><\/a><\/div><\/div><\/div ><div id=\"sfsi_holder\" class=\"sfsi_holders\" style=\"position: relative; float: left;width:100%;z-index:-1;\"><\/div ><script>window.addEventListener(\"sfsi_functions_loaded\", function() \r\r\n\t\t\t{\r\r\n\t\t\t\tif (typeof sfsi_widget_set == \"function\") {\r\r\n\t\t\t\t\tsfsi_widget_set();\r\r\n\t\t\t\t}\r\r\n\t\t\t}); <\/script><div style=\"clear: both;\"><\/div><\/div><\/b><\/p>\n<\/div>\n<\/div>\n<\/div>\n<\/div>\n<\/div>\n<\/div>\n<\/div>\n\n","protected":false},"excerpt":{"rendered":"","protected":false},"author":2,"featured_media":0,"parent":0,"menu_order":0,"comment_status":"closed","ping_status":"closed","template":"","meta":[],"_links":{"self":[{"href":"https:\/\/uspg.edu.gt\/usp\/wp-json\/wp\/v2\/pages\/8692"}],"collection":[{"href":"https:\/\/uspg.edu.gt\/usp\/wp-json\/wp\/v2\/pages"}],"about":[{"href":"https:\/\/uspg.edu.gt\/usp\/wp-json\/wp\/v2\/types\/page"}],"author":[{"embeddable":true,"href":"https:\/\/uspg.edu.gt\/usp\/wp-json\/wp\/v2\/users\/2"}],"replies":[{"embeddable":true,"href":"https:\/\/uspg.edu.gt\/usp\/wp-json\/wp\/v2\/comments?post=8692"}],"version-history":[{"count":36,"href":"https:\/\/uspg.edu.gt\/usp\/wp-json\/wp\/v2\/pages\/8692\/revisions"}],"predecessor-version":[{"id":9946,"href":"https:\/\/uspg.edu.gt\/usp\/wp-json\/wp\/v2\/pages\/8692\/revisions\/9946"}],"wp:attachment":[{"href":"https:\/\/uspg.edu.gt\/usp\/wp-json\/wp\/v2\/media?parent=8692"}],"curies":[{"name":"wp","href":"https:\/\/api.w.org\/{rel}","templated":true}]}}